{"id":2,"date":"2012-01-06T08:50:06","date_gmt":"2012-01-06T08:50:06","guid":{"rendered":"http:\/\/www.zerdab.com\/?page_id=2"},"modified":"2023-09-18T19:34:49","modified_gmt":"2023-09-18T15:34:49","slug":"ornek-sayfa","status":"publish","type":"page","link":"https:\/\/www.zerdab.com\/?page_id=2","title":{"rendered":"SAYT HAQQINDA"},"content":{"rendered":"<p><span style=\"color: #3366ff;\"><strong>Zerdab.com haqq\u0131nda<\/strong><\/span><\/p>\r\n<p><span style=\"color: #000000;\">Zerdab.com sayt\u0131 2010-cu ilin son aylar\u0131nda t\u0259sis olunub. Saytda tarixi yaz\u0131larla yana\u015f\u0131, x\u0259b\u0259rl\u0259r d\u0259 yer al\u0131r. Sayt m\u00fcxt\u0259lif b\u00f6lm\u0259l\u0259rd\u0259n ibar\u0259tdir. B\u00f6lm\u0259l\u0259rd\u0259 k\u0259ndl\u0259rimizin tarixi, ziyal\u0131lar\u0131m\u0131z\u0131n h\u0259yat v\u0259 f\u0259aliyy\u0259tl\u0259ri, m\u00fcsahib\u0259l\u0259r, m\u0259lumatlar yer al\u0131r.\u00a0<\/span><\/p>\r\n<p><span style=\"color: #000000;\">XXI \u0259sr kompyuter \u0259sridir, internet is\u0259 zaman\u0131n t\u0259l\u0259bidir. Bu sayt\u0131 yaratmaqla biz rayonumuzun zaman\u0131n t\u0259l\u0259bi il\u0259 ayaqla\u015fmas\u0131na nail olmaq v\u0259 bu sah\u0259d\u0259ki bo\u015flu\u011fu doldurmaq q\u0259rar\u0131na g\u0259ldik.<\/span><br \/><span style=\"color: #000000;\"> Az\u0259rbaycanda internet istifad\u0259\u00e7il\u0259rinin say\u0131 g\u00fcnb\u0259g\u00fcn art\u0131r. Yax\u0131n bir ne\u00e7\u0259 ild\u0259 onlar\u0131n say\u0131n\u0131n daha da artaca\u011f\u0131 g\u00f6zl\u0259nilir. <\/span><\/p>\r\n<p><span style=\"color: #000000;\">Bu g\u00fcn Zerdab.com sayt\u0131n\u0131n minl\u0259rl\u0259 oxucusu var. Bu g\u00fcn Zerdab.com sayt\u0131 Z\u0259rdab rayonunun ictimai v\u0259 siyasi h\u0259yat\u0131nda b\u00f6y\u00fck rola malikdir. <\/span><\/p>\r\n<p><span style=\"color: #000000;\">Sayt\u0131m\u0131z bu m\u00fcdd\u0259t \u0259rzind\u0259 insanlar\u0131n inam\u0131n\u0131, etibar\u0131n\u0131, h\u00f6rm\u0259tini qazan\u0131b. Biz H\u0259s\u0259n b\u0259y Z\u0259rdabi yurdunun \u00f6vladlar\u0131 olaraq bundan sonra da onun ad\u0131n\u0131 daim y\u00fcks\u0259kl\u0259rd\u0259 tutaca\u011f\u0131q v\u0259 biz\u0259 olan etimad\u0131 do\u011frultma\u011fa \u00e7al\u0131\u015faca\u011f\u0131q.<\/span><\/p>\r\n<p><span style=\"color: #000000;\">Sonda bir m\u0259qam\u0131 da qeyd etm\u0259yimiz yerin\u0259 d\u00fc\u015f\u0259r:<\/span> <span style=\"color: #000000;\">Zerdab.com sayt\u0131n\u0131n ad\u0131ndan kiml\u0259rins\u0259 \u015f\u0259xsi m\u0259qs\u0259dl\u0259ri \u00fc\u00e7\u00fcn istifad\u0259si q\u0259tiyy\u0259n yolverilm\u0259zdir! Bu, qanunvericilikl\u0259 h\u00fcquqi m\u0259suliyy\u0259t yarad\u0131r.<\/span><br \/><span style=\"color: #000000;\">Sayt\u0131m\u0131z h\u0259r bir \u015f\u0259xsin \u00fcz\u00fcn\u0259 a\u00e7\u0131qd\u0131r v\u0259 \u0259m\u0259kda\u015fl\u0131\u011fa haz\u0131r\u0131q. \u018fg\u0259r Zerdab.com sayt\u0131 il\u0259 ba\u011fl\u0131 hans\u0131sa fikriniz, t\u0259klifiniz varsa, biziml\u0259 \u0259laq\u0259 saxlaya bil\u0259rsiniz.<\/span><\/p>\r\n<p>Telefon: 070 228 22 93<\/p>\r\n\r\n<p>&nbsp;<\/p>\r\n","protected":false},"excerpt":{"rendered":"<p>Zerdab.com haqq\u0131nda Zerdab.com sayt\u0131 2010-cu ilin son aylar\u0131nda t\u0259sis olunub. Saytda tarixi yaz\u0131larla yana\u015f\u0131, x\u0259b\u0259rl\u0259r d\u0259 yer al\u0131r. Sayt m\u00fcxt\u0259lif b\u00f6lm\u0259l\u0259rd\u0259n ibar\u0259tdir. B\u00f6lm\u0259l\u0259rd\u0259 k\u0259ndl\u0259rimizin tarixi, ziyal\u0131lar\u0131m\u0131z\u0131n h\u0259yat v\u0259 f\u0259aliyy\u0259tl\u0259ri, m\u00fcsahib\u0259l\u0259r, m\u0259lumatlar yer al\u0131r.\u00a0 XXI \u0259sr kompyuter \u0259sridir, internet is\u0259 zaman\u0131n t\u0259l\u0259bidir. Bu sayt\u0131 yaratmaqla biz rayonumuzun zaman\u0131n t\u0259l\u0259bi il\u0259 ayaqla\u015fmas\u0131na nail olmaq v\u0259 bu sah\u0259d\u0259ki [&hellip;]<\/p>\n","protected":false},"author":1,"featured_media":0,"parent":0,"menu_order":0,"comment_status":"open","ping_status":"open","template":"","meta":{"footnotes":""},"class_list":["post-2","page","type-page","status-publish"],"yoast_head":"<!-- This site is optimized with the Yoast SEO plugin v27.0 - https:\/\/yoast.com\/product\/yoast-seo-wordpress\/ -->\n<title>SAYT HAQQINDA - Z\u0259rdab.com<\/title>\n<meta name=\"robots\" content=\"index, follow, max-snippet:-1, max-image-preview:large, max-video-preview:-1\" \/>\n<link rel=\"canonical\" href=\"https:\/\/www.zerdab.com\/?page_id=2\" \/>\n<meta property=\"og:locale\" content=\"az_AZ\" \/>\n<meta property=\"og:type\" content=\"article\" \/>\n<meta property=\"og:title\" content=\"SAYT HAQQINDA - Z\u0259rdab.com\" \/>\n<meta property=\"og:description\" content=\"Zerdab.com haqq\u0131nda Zerdab.com sayt\u0131 2010-cu ilin son aylar\u0131nda t\u0259sis olunub. Saytda tarixi yaz\u0131larla yana\u015f\u0131, x\u0259b\u0259rl\u0259r d\u0259 yer al\u0131r. Sayt m\u00fcxt\u0259lif b\u00f6lm\u0259l\u0259rd\u0259n ibar\u0259tdir. B\u00f6lm\u0259l\u0259rd\u0259 k\u0259ndl\u0259rimizin tarixi, ziyal\u0131lar\u0131m\u0131z\u0131n h\u0259yat v\u0259 f\u0259aliyy\u0259tl\u0259ri, m\u00fcsahib\u0259l\u0259r, m\u0259lumatlar yer al\u0131r.\u00a0 XXI \u0259sr kompyuter \u0259sridir, internet is\u0259 zaman\u0131n t\u0259l\u0259bidir. Bu sayt\u0131 yaratmaqla biz rayonumuzun zaman\u0131n t\u0259l\u0259bi il\u0259 ayaqla\u015fmas\u0131na nail olmaq v\u0259 bu sah\u0259d\u0259ki [&hellip;]\" \/>\n<meta property=\"og:url\" content=\"https:\/\/www.zerdab.com\/?page_id=2\" \/>\n<meta property=\"og:site_name\" content=\"Z\u0259rdab.com\" \/>\n<meta property=\"article:modified_time\" content=\"2023-09-18T15:34:49+00:00\" \/>\n<meta name=\"twitter:card\" content=\"summary_large_image\" \/>\n<meta name=\"twitter:label1\" content=\"Est. reading time\" \/>\n\t<meta name=\"twitter:data1\" content=\"2 minutes\" \/>\n<script type=\"application\/ld+json\" class=\"yoast-schema-graph\">{\"@context\":\"https:\/\/schema.org\",\"@graph\":[{\"@type\":\"WebPage\",\"@id\":\"https:\/\/www.zerdab.com\/?page_id=2\",\"url\":\"https:\/\/www.zerdab.com\/?page_id=2\",\"name\":\"SAYT HAQQINDA - Z\u0259rdab.com\",\"isPartOf\":{\"@id\":\"https:\/\/www.zerdab.com\/#website\"},\"datePublished\":\"2012-01-06T08:50:06+00:00\",\"dateModified\":\"2023-09-18T15:34:49+00:00\",\"breadcrumb\":{\"@id\":\"https:\/\/www.zerdab.com\/?page_id=2#breadcrumb\"},\"inLanguage\":\"az\",\"potentialAction\":[{\"@type\":\"ReadAction\",\"target\":[\"https:\/\/www.zerdab.com\/?page_id=2\"]}]},{\"@type\":\"BreadcrumbList\",\"@id\":\"https:\/\/www.zerdab.com\/?page_id=2#breadcrumb\",\"itemListElement\":[{\"@type\":\"ListItem\",\"position\":1,\"name\":\"Home\",\"item\":\"https:\/\/www.zerdab.com\/\"},{\"@type\":\"ListItem\",\"position\":2,\"name\":\"SAYT HAQQINDA\"}]},{\"@type\":\"WebSite\",\"@id\":\"https:\/\/www.zerdab.com\/#website\",\"url\":\"https:\/\/www.zerdab.com\/\",\"name\":\"Z\u0259rdab.com\",\"description\":\"\",\"potentialAction\":[{\"@type\":\"SearchAction\",\"target\":{\"@type\":\"EntryPoint\",\"urlTemplate\":\"https:\/\/www.zerdab.com\/?s={search_term_string}\"},\"query-input\":{\"@type\":\"PropertyValueSpecification\",\"valueRequired\":true,\"valueName\":\"search_term_string\"}}],\"inLanguage\":\"az\"}]}<\/script>\n<!-- \/ Yoast SEO plugin. -->","yoast_head_json":{"title":"SAYT HAQQINDA - Z\u0259rdab.com","robots":{"index":"index","follow":"follow","max-snippet":"max-snippet:-1","max-image-preview":"max-image-preview:large","max-video-preview":"max-video-preview:-1"},"canonical":"https:\/\/www.zerdab.com\/?page_id=2","og_locale":"az_AZ","og_type":"article","og_title":"SAYT HAQQINDA - Z\u0259rdab.com","og_description":"Zerdab.com haqq\u0131nda Zerdab.com sayt\u0131 2010-cu ilin son aylar\u0131nda t\u0259sis olunub. Saytda tarixi yaz\u0131larla yana\u015f\u0131, x\u0259b\u0259rl\u0259r d\u0259 yer al\u0131r. Sayt m\u00fcxt\u0259lif b\u00f6lm\u0259l\u0259rd\u0259n ibar\u0259tdir. B\u00f6lm\u0259l\u0259rd\u0259 k\u0259ndl\u0259rimizin tarixi, ziyal\u0131lar\u0131m\u0131z\u0131n h\u0259yat v\u0259 f\u0259aliyy\u0259tl\u0259ri, m\u00fcsahib\u0259l\u0259r, m\u0259lumatlar yer al\u0131r.\u00a0 XXI \u0259sr kompyuter \u0259sridir, internet is\u0259 zaman\u0131n t\u0259l\u0259bidir. Bu sayt\u0131 yaratmaqla biz rayonumuzun zaman\u0131n t\u0259l\u0259bi il\u0259 ayaqla\u015fmas\u0131na nail olmaq v\u0259 bu sah\u0259d\u0259ki [&hellip;]","og_url":"https:\/\/www.zerdab.com\/?page_id=2","og_site_name":"Z\u0259rdab.com","article_modified_time":"2023-09-18T15:34:49+00:00","twitter_card":"summary_large_image","twitter_misc":{"Est. reading time":"2 minutes"},"schema":{"@context":"https:\/\/schema.org","@graph":[{"@type":"WebPage","@id":"https:\/\/www.zerdab.com\/?page_id=2","url":"https:\/\/www.zerdab.com\/?page_id=2","name":"SAYT HAQQINDA - Z\u0259rdab.com","isPartOf":{"@id":"https:\/\/www.zerdab.com\/#website"},"datePublished":"2012-01-06T08:50:06+00:00","dateModified":"2023-09-18T15:34:49+00:00","breadcrumb":{"@id":"https:\/\/www.zerdab.com\/?page_id=2#breadcrumb"},"inLanguage":"az","potentialAction":[{"@type":"ReadAction","target":["https:\/\/www.zerdab.com\/?page_id=2"]}]},{"@type":"BreadcrumbList","@id":"https:\/\/www.zerdab.com\/?page_id=2#breadcrumb","itemListElement":[{"@type":"ListItem","position":1,"name":"Home","item":"https:\/\/www.zerdab.com\/"},{"@type":"ListItem","position":2,"name":"SAYT HAQQINDA"}]},{"@type":"WebSite","@id":"https:\/\/www.zerdab.com\/#website","url":"https:\/\/www.zerdab.com\/","name":"Z\u0259rdab.com","description":"","potentialAction":[{"@type":"SearchAction","target":{"@type":"EntryPoint","urlTemplate":"https:\/\/www.zerdab.com\/?s={search_term_string}"},"query-input":{"@type":"PropertyValueSpecification","valueRequired":true,"valueName":"search_term_string"}}],"inLanguage":"az"}]}},"_links":{"self":[{"href":"https:\/\/www.zerdab.com\/index.php?rest_route=\/wp\/v2\/pages\/2","targetHints":{"allow":["GET"]}}],"collection":[{"href":"https:\/\/www.zerdab.com\/index.php?rest_route=\/wp\/v2\/pages"}],"about":[{"href":"https:\/\/www.zerdab.com\/index.php?rest_route=\/wp\/v2\/types\/page"}],"author":[{"embeddable":true,"href":"https:\/\/www.zerdab.com\/index.php?rest_route=\/wp\/v2\/users\/1"}],"replies":[{"embeddable":true,"href":"https:\/\/www.zerdab.com\/index.php?rest_route=%2Fwp%2Fv2%2Fcomments&post=2"}],"version-history":[{"count":46,"href":"https:\/\/www.zerdab.com\/index.php?rest_route=\/wp\/v2\/pages\/2\/revisions"}],"predecessor-version":[{"id":30137,"href":"https:\/\/www.zerdab.com\/index.php?rest_route=\/wp\/v2\/pages\/2\/revisions\/30137"}],"wp:attachment":[{"href":"https:\/\/www.zerdab.com\/index.php?rest_route=%2Fwp%2Fv2%2Fmedia&parent=2"}],"curies":[{"name":"wp","href":"https:\/\/api.w.org\/{rel}","templated":true}]}}